{"id":1575,"date":"2023-07-26T22:01:24","date_gmt":"2023-07-26T20:01:24","guid":{"rendered":"https:\/\/www.medireport.net\/contact-2\/"},"modified":"2025-04-01T09:29:51","modified_gmt":"2025-04-01T07:29:51","slug":"contact","status":"publish","type":"page","link":"https:\/\/www.medireport.net\/fr\/contact\/","title":{"rendered":"Contact"},"content":{"rendered":"\n<section class=\"wp-block-mkl-section-block\">\n<div class=\"wp-block-group is-layout-constrained wp-block-group-is-layout-constrained\" style=\"padding-top:var(--wp--preset--spacing--70);padding-bottom:var(--wp--preset--spacing--70)\">\n<div class=\"wp-block-columns is-layout-flex wp-container-core-columns-is-layout-28f84493 wp-block-columns-is-layout-flex\">\n<div class=\"wp-block-column is-vertically-aligned-center is-layout-flow wp-block-column-is-layout-flow\">\n<h1 class=\"wp-block-heading has-webblack-color has-text-color\" style=\"margin-top:var(--wp--preset--spacing--30)\"><strong>Nous contacter<\/strong><\/h1>\n\n\n\n<p class=\"max500 has-webblack-color has-text-color\">Contactez-nous pour en savoir plus.<\/p>\n<\/div>\n\n\n\n<div class=\"wp-block-column is-layout-flow wp-block-column-is-layout-flow\">\n<figure class=\"wp-block-image size-large\"><img loading=\"lazy\" decoding=\"async\" width=\"465\" height=\"375\" src=\"https:\/\/www.medireport.net\/wp-content\/uploads\/2023\/08\/hd-contact-header-465x375.webp\" alt=\"en-t\u00eate de contact hd\" class=\"wp-image-752\"\/><\/figure>\n<\/div>\n<\/div>\n<\/div>\n<\/section>\n\n\n\n<section class=\"wp-block-mkl-section-block\">\n<div class=\"wp-block-group is-layout-constrained wp-block-group-is-layout-constrained\">\n<div class=\"wp-block-columns is-layout-flex wp-container-core-columns-is-layout-28f84493 wp-block-columns-is-layout-flex\">\n<div class=\"wp-block-column is-layout-flow wp-block-column-is-layout-flow\">\n<h3 class=\"wp-block-heading has-xmedium-font-size\"><strong>Demandes commerciales<\/strong><\/h3>\n\n\n\n<p><a href=\"mailto:contact@medireport.net\" target=\"_blank\" rel=\"noreferrer noopener\">contact@medireport.net<\/a><\/p>\n\n\n\n<h3 class=\"wp-block-heading has-xmedium-font-size\"><strong>Nos bureaux<\/strong><\/h3>\n\n\n\n<p><strong>Paris, France <br><\/strong>MediReport<br>19 rue du General Foy<br>75008 Paris, France<br><a href=\"mailto:contact@medireport.net\">contact@medireport.net<\/a><\/p>\n\n\n\n<p><strong>Croissy, France <br><\/strong>5 rue Pelloutier<br>77183 Croissy-Beaubourg, France<\/p>\n<\/div>\n\n\n\n<div class=\"wp-block-column is-layout-flow wp-block-column-is-layout-flow\">\n<div class=\"wp-block-contact-form-7-contact-form-selector\">\n<div class=\"wpcf7 no-js\" id=\"wpcf7-f1662-o1\" lang=\"fr-FR\" dir=\"ltr\">\n<div class=\"screen-reader-response\"><p role=\"status\" aria-live=\"polite\" aria-atomic=\"true\"><\/p> <ul><\/ul><\/div>\n<form action=\"\/fr\/wp-json\/wp\/v2\/pages\/1575#wpcf7-f1662-o1\" method=\"post\" class=\"wpcf7-form init\" aria-label=\"Formulaire de contact\" novalidate=\"novalidate\" data-status=\"init\">\n<div style=\"display: none;\">\n<input type=\"hidden\" name=\"_wpcf7\" value=\"1662\" \/>\n<input type=\"hidden\" name=\"_wpcf7_version\" value=\"5.8.1\" \/>\n<input type=\"hidden\" name=\"_wpcf7_locale\" value=\"fr_FR\" \/>\n<input type=\"hidden\" name=\"_wpcf7_unit_tag\" value=\"wpcf7-f1662-o1\" \/>\n<input type=\"hidden\" name=\"_wpcf7_container_post\" value=\"0\" \/>\n<input type=\"hidden\" name=\"_wpcf7_posted_data_hash\" value=\"\" \/>\n<\/div>\n<div class=\"wp-block-columns is-layout-flex\">\n\t<div class=\"wp-block-column is-layout-flow\">\n\t\t<p><span class=\"wpcf7-form-control-wrap\" data-name=\"firstname\"><input size=\"40\" class=\"wpcf7-form-control wpcf7-text wpcf7-validates-as-required\" aria-required=\"true\" aria-invalid=\"false\" placeholder=\"Pr\u00e9nom*\" value=\"\" type=\"text\" name=\"firstname\" \/><\/span><br \/>\n<span class=\"wpcf7-form-control-wrap\" data-name=\"lastname\"><input size=\"40\" class=\"wpcf7-form-control wpcf7-text wpcf7-validates-as-required\" aria-required=\"true\" aria-invalid=\"false\" placeholder=\"Nom de famille*\" value=\"\" type=\"text\" name=\"lastname\" \/><\/span><br \/>\n<span class=\"wpcf7-form-control-wrap\" data-name=\"title\"><input size=\"40\" class=\"wpcf7-form-control wpcf7-text wpcf7-validates-as-required\" aria-required=\"true\" aria-invalid=\"false\" placeholder=\"Titre*\" value=\"\" type=\"text\" name=\"title\" \/><\/span><br \/>\n<span class=\"wpcf7-form-control-wrap\" data-name=\"i_am\"><select class=\"wpcf7-form-control wpcf7-select\" aria-invalid=\"false\" name=\"i_am\"><option value=\"Je suis...\">Je suis...<\/option><option value=\"Un Professionnel de sant\u00e9\">Un Professionnel de sant\u00e9<\/option><option value=\"Un Groupement de cliniques\">Un Groupement de cliniques<\/option><option value=\"Un Fabricant de mat\u00e9riel\">Un Fabricant de mat\u00e9riel<\/option><option value=\"Une soci\u00e9t\u00e9 savante \/ Un comit\u00e9 scientifique\">Une soci\u00e9t\u00e9 savante \/ Un comit\u00e9 scientifique<\/option><option value=\"Autre\">Autre<\/option><\/select><\/span>\n\t\t<\/p>\n\t<\/div>\n\t<div class=\"wp-block-column is-layout-flow\">\n\t\t<p><span class=\"wpcf7-form-control-wrap\" data-name=\"email\"><input size=\"40\" class=\"wpcf7-form-control wpcf7-email wpcf7-validates-as-required wpcf7-text wpcf7-validates-as-email\" aria-required=\"true\" aria-invalid=\"false\" placeholder=\"Courriel professionnel*\" value=\"\" type=\"email\" name=\"email\" \/><\/span><br \/>\n<span class=\"wpcf7-form-control-wrap\" data-name=\"phone\"><input size=\"40\" class=\"wpcf7-form-control wpcf7-tel wpcf7-text wpcf7-validates-as-tel\" aria-invalid=\"false\" placeholder=\"Num\u00e9ro de t\u00e9l\u00e9phone\" value=\"\" type=\"tel\" name=\"phone\" \/><\/span><br \/>\n<span class=\"wpcf7-form-control-wrap\" data-name=\"organization\"><input size=\"40\" class=\"wpcf7-form-control wpcf7-text wpcf7-validates-as-required\" aria-required=\"true\" aria-invalid=\"false\" placeholder=\"Entreprise\/Organisation*\" value=\"\" type=\"text\" name=\"organization\" \/><\/span>\n\t\t<\/p>\n\t<\/div>\n<\/div>\n<p><span class=\"wpcf7-form-control-wrap\" data-name=\"Message\"><textarea cols=\"40\" rows=\"10\" class=\"wpcf7-form-control wpcf7-textarea\" aria-invalid=\"false\" placeholder=\"Votre message*\" name=\"Message\"><\/textarea><\/span><br \/>\n<span class=\"wpcf7-form-control-wrap\" data-name=\"acceptance-694\"><span class=\"wpcf7-form-control wpcf7-acceptance\"><span class=\"wpcf7-list-item\"><label><input type=\"checkbox\" name=\"acceptance-694\" value=\"1\" aria-invalid=\"false\" \/><span class=\"wpcf7-list-item-label\">J'accepte que mes donn\u00e9es soient utilis\u00e9es pour que l'on puisse me contacter<\/span><\/label><\/span><\/span><\/span><br \/>\n\u00a0\n<\/p>\n<p style=\"font-size: 0.7em;\">Les donn\u00e9es collect\u00e9es par le biais de ce formulaire seront trait\u00e9es par MediReport. Elles nous aideront \u00e0 r\u00e9pondre \u00e0 vos questions et seront stock\u00e9es dans nos bases de donn\u00e9es pour une dur\u00e9e de 10 ans apr\u00e8s le dernier contact que vous aurez eu.<br \/>\n\u00a0<br \/>\nPour \u00eatre inform\u00e9 et exercer vos droits, notamment celui de retirer votre consentement \u00e0 l'utilisation de vos donn\u00e9es, veuillez lire notre <a href=\"\/fr\/politique-de-confidentialite\/\">politique de confidentialit\u00e9<\/a>.\n<\/p>\n<p><input class=\"wpcf7-form-control wpcf7-submit has-spinner\" type=\"submit\" value=\"Envoyer\" \/>\n<\/p><div class=\"wpcf7-response-output\" aria-hidden=\"true\"><\/div>\n<\/form>\n<\/div>\n<\/div>\n<\/div>\n<\/div>\n<\/div>\n<\/section>\n\n\n\n<div style=\"height:7.5rem\" aria-hidden=\"true\" class=\"wp-block-spacer\"><\/div>\n","protected":false},"excerpt":{"rendered":"","protected":false},"author":2,"featured_media":0,"parent":0,"menu_order":0,"comment_status":"closed","ping_status":"closed","template":"","meta":{"footnotes":""},"class_list":["post-1575","page","type-page","status-publish","hentry"],"acf":[],"yoast_head":"<!-- This site is optimized with the Yoast SEO plugin v21.3 - https:\/\/yoast.com\/wordpress\/plugins\/seo\/ -->\n<title>Contactez-nous d\u00e8s aujourd&#039;hui - MediReport<\/title>\n<meta name=\"robots\" content=\"index, follow, max-snippet:-1, max-image-preview:large, max-video-preview:-1\" \/>\n<link rel=\"canonical\" href=\"https:\/\/www.medireport.net\/fr\/contact\/\" \/>\n<meta property=\"og:locale\" content=\"fr_FR\" \/>\n<meta property=\"og:type\" content=\"article\" \/>\n<meta property=\"og:title\" content=\"Contactez-nous d\u00e8s aujourd&#039;hui - MediReport\" \/>\n<meta property=\"og:url\" content=\"https:\/\/www.medireport.net\/fr\/contact\/\" \/>\n<meta property=\"og:site_name\" content=\"MediReport\" \/>\n<meta property=\"article:modified_time\" content=\"2025-04-01T07:29:51+00:00\" \/>\n<meta property=\"og:image\" content=\"https:\/\/www.medireport.net\/wp-content\/uploads\/2023\/08\/hd-contact-header-465x375.webp\" \/>\n<meta name=\"twitter:card\" content=\"summary_large_image\" \/>\n<meta name=\"twitter:label1\" content=\"Dur\u00e9e de lecture estim\u00e9e\" \/>\n\t<meta name=\"twitter:data1\" content=\"1 minute\" \/>\n<script type=\"application\/ld+json\" class=\"yoast-schema-graph\">{\"@context\":\"https:\/\/schema.org\",\"@graph\":[{\"@type\":\"WebPage\",\"@id\":\"https:\/\/www.medireport.net\/fr\/contact\/\",\"url\":\"https:\/\/www.medireport.net\/fr\/contact\/\",\"name\":\"Contactez-nous d\u00e8s aujourd'hui - MediReport\",\"isPartOf\":{\"@id\":\"https:\/\/www.medireport.net\/fr\/#website\"},\"datePublished\":\"2023-07-26T20:01:24+00:00\",\"dateModified\":\"2025-04-01T07:29:51+00:00\",\"breadcrumb\":{\"@id\":\"https:\/\/www.medireport.net\/fr\/contact\/#breadcrumb\"},\"inLanguage\":\"fr-FR\",\"potentialAction\":[{\"@type\":\"ReadAction\",\"target\":[\"https:\/\/www.medireport.net\/fr\/contact\/\"]}]},{\"@type\":\"BreadcrumbList\",\"@id\":\"https:\/\/www.medireport.net\/fr\/contact\/#breadcrumb\",\"itemListElement\":[{\"@type\":\"ListItem\",\"position\":1,\"name\":\"Home\",\"item\":\"https:\/\/www.medireport.net\/fr\/\"},{\"@type\":\"ListItem\",\"position\":2,\"name\":\"Contact\"}]},{\"@type\":\"WebSite\",\"@id\":\"https:\/\/www.medireport.net\/fr\/#website\",\"url\":\"https:\/\/www.medireport.net\/fr\/\",\"name\":\"MediReport\",\"description\":\"\",\"publisher\":{\"@id\":\"https:\/\/www.medireport.net\/fr\/#organization\"},\"potentialAction\":[{\"@type\":\"SearchAction\",\"target\":{\"@type\":\"EntryPoint\",\"urlTemplate\":\"https:\/\/www.medireport.net\/fr\/?s={search_term_string}\"},\"query-input\":\"required name=search_term_string\"}],\"inLanguage\":\"fr-FR\"},{\"@type\":\"Organization\",\"@id\":\"https:\/\/www.medireport.net\/fr\/#organization\",\"name\":\"MediReport\",\"url\":\"https:\/\/www.medireport.net\/fr\/\",\"logo\":{\"@type\":\"ImageObject\",\"inLanguage\":\"fr-FR\",\"@id\":\"https:\/\/www.medireport.net\/fr\/#\/schema\/logo\/image\/\",\"url\":\"https:\/\/www.medireport.net\/wp-content\/uploads\/2024\/03\/MediReport_logo_PNG.png\",\"contentUrl\":\"https:\/\/www.medireport.net\/wp-content\/uploads\/2024\/03\/MediReport_logo_PNG.png\",\"width\":755,\"height\":253,\"caption\":\"MediReport\"},\"image\":{\"@id\":\"https:\/\/www.medireport.net\/fr\/#\/schema\/logo\/image\/\"},\"sameAs\":[\"https:\/\/fr.linkedin.com\/company\/medireport\",\"https:\/\/www.youtube.com\/watch?v=OjrzpMuFw2A\"]}]}<\/script>\n<!-- \/ Yoast SEO plugin. -->","yoast_head_json":{"title":"Contactez-nous d\u00e8s aujourd'hui - MediReport","robots":{"index":"index","follow":"follow","max-snippet":"max-snippet:-1","max-image-preview":"max-image-preview:large","max-video-preview":"max-video-preview:-1"},"canonical":"https:\/\/www.medireport.net\/fr\/contact\/","og_locale":"fr_FR","og_type":"article","og_title":"Contactez-nous d\u00e8s aujourd'hui - MediReport","og_url":"https:\/\/www.medireport.net\/fr\/contact\/","og_site_name":"MediReport","article_modified_time":"2025-04-01T07:29:51+00:00","og_image":[{"url":"https:\/\/www.medireport.net\/wp-content\/uploads\/2023\/08\/hd-contact-header-465x375.webp"}],"twitter_card":"summary_large_image","twitter_misc":{"Dur\u00e9e de lecture estim\u00e9e":"1 minute"},"schema":{"@context":"https:\/\/schema.org","@graph":[{"@type":"WebPage","@id":"https:\/\/www.medireport.net\/fr\/contact\/","url":"https:\/\/www.medireport.net\/fr\/contact\/","name":"Contactez-nous d\u00e8s aujourd'hui - MediReport","isPartOf":{"@id":"https:\/\/www.medireport.net\/fr\/#website"},"datePublished":"2023-07-26T20:01:24+00:00","dateModified":"2025-04-01T07:29:51+00:00","breadcrumb":{"@id":"https:\/\/www.medireport.net\/fr\/contact\/#breadcrumb"},"inLanguage":"fr-FR","potentialAction":[{"@type":"ReadAction","target":["https:\/\/www.medireport.net\/fr\/contact\/"]}]},{"@type":"BreadcrumbList","@id":"https:\/\/www.medireport.net\/fr\/contact\/#breadcrumb","itemListElement":[{"@type":"ListItem","position":1,"name":"Home","item":"https:\/\/www.medireport.net\/fr\/"},{"@type":"ListItem","position":2,"name":"Contact"}]},{"@type":"WebSite","@id":"https:\/\/www.medireport.net\/fr\/#website","url":"https:\/\/www.medireport.net\/fr\/","name":"MediReport","description":"","publisher":{"@id":"https:\/\/www.medireport.net\/fr\/#organization"},"potentialAction":[{"@type":"SearchAction","target":{"@type":"EntryPoint","urlTemplate":"https:\/\/www.medireport.net\/fr\/?s={search_term_string}"},"query-input":"required name=search_term_string"}],"inLanguage":"fr-FR"},{"@type":"Organization","@id":"https:\/\/www.medireport.net\/fr\/#organization","name":"MediReport","url":"https:\/\/www.medireport.net\/fr\/","logo":{"@type":"ImageObject","inLanguage":"fr-FR","@id":"https:\/\/www.medireport.net\/fr\/#\/schema\/logo\/image\/","url":"https:\/\/www.medireport.net\/wp-content\/uploads\/2024\/03\/MediReport_logo_PNG.png","contentUrl":"https:\/\/www.medireport.net\/wp-content\/uploads\/2024\/03\/MediReport_logo_PNG.png","width":755,"height":253,"caption":"MediReport"},"image":{"@id":"https:\/\/www.medireport.net\/fr\/#\/schema\/logo\/image\/"},"sameAs":["https:\/\/fr.linkedin.com\/company\/medireport","https:\/\/www.youtube.com\/watch?v=OjrzpMuFw2A"]}]}},"_links":{"self":[{"href":"https:\/\/www.medireport.net\/fr\/wp-json\/wp\/v2\/pages\/1575","targetHints":{"allow":["GET"]}}],"collection":[{"href":"https:\/\/www.medireport.net\/fr\/wp-json\/wp\/v2\/pages"}],"about":[{"href":"https:\/\/www.medireport.net\/fr\/wp-json\/wp\/v2\/types\/page"}],"author":[{"embeddable":true,"href":"https:\/\/www.medireport.net\/fr\/wp-json\/wp\/v2\/users\/2"}],"replies":[{"embeddable":true,"href":"https:\/\/www.medireport.net\/fr\/wp-json\/wp\/v2\/comments?post=1575"}],"version-history":[{"count":20,"href":"https:\/\/www.medireport.net\/fr\/wp-json\/wp\/v2\/pages\/1575\/revisions"}],"predecessor-version":[{"id":2666,"href":"https:\/\/www.medireport.net\/fr\/wp-json\/wp\/v2\/pages\/1575\/revisions\/2666"}],"wp:attachment":[{"href":"https:\/\/www.medireport.net\/fr\/wp-json\/wp\/v2\/media?parent=1575"}],"curies":[{"name":"wp","href":"https:\/\/api.w.org\/{rel}","templated":true}]}}