{"id":1581,"date":"2023-08-08T21:09:52","date_gmt":"2023-08-08T19:09:52","guid":{"rendered":"https:\/\/www.medireport.net\/centre-de-ressources\/"},"modified":"2024-01-25T17:21:58","modified_gmt":"2024-01-25T16:21:58","slug":"centre-de-ressources","status":"publish","type":"page","link":"https:\/\/www.medireport.net\/fr\/centre-de-ressources\/","title":{"rendered":"Centre de ressources"},"content":{"rendered":"\n<section class=\"wp-block-mkl-section-block\">\n<div class=\"wp-block-group is-layout-constrained wp-block-group-is-layout-constrained\" style=\"padding-top:var(--wp--preset--spacing--70);padding-bottom:var(--wp--preset--spacing--70)\">\n<div class=\"wp-block-columns is-layout-flex wp-container-core-columns-is-layout-28f84493 wp-block-columns-is-layout-flex\">\n<div class=\"wp-block-column is-vertically-aligned-center is-layout-flow wp-block-column-is-layout-flow\">\n<h1 class=\"wp-block-heading has-webblack-color has-text-color\" style=\"margin-top:var(--wp--preset--spacing--30)\"><strong>D\u00e9couvrez nos ressources<\/strong><\/h1>\n\n\n\n<p class=\"max500 has-webblack-color has-text-color\">Explorez notre contenu pour en savoir plus sur nos solutions et sur les <strong>b\u00e9n\u00e9fices que nous apportons aux professionnels de sant\u00e9.<\/strong><\/p>\n<\/div>\n\n\n\n<div class=\"wp-block-column is-layout-flow wp-block-column-is-layout-flow\">\n<figure class=\"wp-block-image size-large\"><img loading=\"lazy\" decoding=\"async\" width=\"507\" height=\"322\" src=\"https:\/\/www.medireport.net\/wp-content\/uploads\/2023\/08\/medireport-resource-header.svg\" alt=\"en-t&#xEA;te de ressource medireport\" class=\"wp-image-735\"\/><\/figure>\n<\/div>\n<\/div>\n<\/div>\n<\/section>\n\n<section class=\"wp-block-mkl-section-block\">\n<div class=\"wp-block-group is-layout-constrained wp-block-group-is-layout-constrained\"><div>\n    <div class=\"pb-xs\">\n\t\t<div class=\"resource-filter-wrap\" id=\"resource-filter-wrap\">\n\t\t\t<div class=\"resource-select\">\n\t\t\t\t<select class=\"resource-filter\" id=\"filter-1\">\n\t\t\t\t\t<option data-filter=\"all-1\" class=\"all-1 sel\"><span>Filtrer par<\/span><\/option><option data-filter=\"brochure-fr\" class=\"brochure-fr\">Brochure<\/option><option data-filter=\"rapport-fr\" class=\"rapport-fr\">Rapport<\/option><option data-filter=\"video-fr\" class=\"video-fr\">Vid\u00e9o<\/option>\t\t\t\t<\/select>\t\t\t\t\t\n\t\t\t<\/div>\t\t\n\t\t<\/div>\n\t<\/div>\n<\/div><div class=\"wp-block-group is-layout-constrained flex-columns flex-2  gap-xs\" id=\"els\"> \n\t\t<div class=\"el wp-block-group  box-link has-lightgrey-background-color all-1 brochure-fr \">\n\t\t<div class=\"wp-block-columns is-layout-flex wp-container-27\">\n\t\t\t<div class=\"wp-block-column is-layout-flow\" style=\"flex-basis:55%\">\n\t\t\t\t<figure class=\"wp-block-image size-full\"><img decoding=\"async\" src=\"https:\/\/www.medireport.net\/wp-content\/uploads\/2023\/08\/asc-obl-brochure-thumbnail.webp\" class=\"attachment-post-thumbnail size-post-thumbnail wp-post-image\" alt=\"\" srcset=\"https:\/\/www.medireport.net\/wp-content\/uploads\/2023\/08\/asc-obl-brochure-thumbnail.webp 324w, https:\/\/www.medireport.net\/wp-content\/uploads\/2023\/08\/asc-obl-brochure-thumbnail-267x300.webp 267w\" sizes=\"(max-width: 324px) 100vw, 324px\" \/><\/figure>\n\t\t\t<\/div>\n\t\t\t<div class=\"wp-block-column is-vertically-aligned-center is-layout-flow\">\n\t\t\t\t<div class=\"wp-block-group is-layout-constrained\">\n\t\t\t\t\t<p class=\"has-purple-color has-text-color has-xsmall-font-size\"><strong>Brochure<\/strong><\/p>\n\t\t\t\t\t<p class=\"has-normal-font-size\" style=\"margin-top:var(--wp--preset--spacing--20)\"><strong>Brochure Centres ambulatoires<\/strong><\/p>\n\t\t\t\t\t<p><\/p>\n\t\t\t\t\t\n\t\t\t\t<\/div>\n\t\t\t<\/div>\n\t\t<\/div>\n\t\t<a target=\"_self\" href=\"\/fr\/resource-request\/1650\/brochure-centres-ambulatoires\/\">Download Brochure<\/a>\n\t<\/div>\t\t\t\n\t\t<div class=\"el wp-block-group  box-link has-lightgrey-background-color all-1 brochure-fr \">\n\t\t<div class=\"wp-block-columns is-layout-flex wp-container-27\">\n\t\t\t<div class=\"wp-block-column is-layout-flow\" style=\"flex-basis:55%\">\n\t\t\t\t<figure class=\"wp-block-image size-full\"><img decoding=\"async\" src=\"https:\/\/www.medireport.net\/wp-content\/uploads\/2023\/08\/mso-brochure-thumbnail.webp\" class=\"attachment-post-thumbnail size-post-thumbnail wp-post-image\" alt=\"\" srcset=\"https:\/\/www.medireport.net\/wp-content\/uploads\/2023\/08\/mso-brochure-thumbnail.webp 324w, https:\/\/www.medireport.net\/wp-content\/uploads\/2023\/08\/mso-brochure-thumbnail-267x300.webp 267w\" sizes=\"(max-width: 324px) 100vw, 324px\" \/><\/figure>\n\t\t\t<\/div>\n\t\t\t<div class=\"wp-block-column is-vertically-aligned-center is-layout-flow\">\n\t\t\t\t<div class=\"wp-block-group is-layout-constrained\">\n\t\t\t\t\t<p class=\"has-purple-color has-text-color has-xsmall-font-size\"><strong>Brochure<\/strong><\/p>\n\t\t\t\t\t<p class=\"has-normal-font-size\" style=\"margin-top:var(--wp--preset--spacing--20)\"><strong>Brochure Groupements de cliniques \/ GHT<\/strong><\/p>\n\t\t\t\t\t<p><\/p>\n\t\t\t\t\t\n\t\t\t\t<\/div>\n\t\t\t<\/div>\n\t\t<\/div>\n\t\t<a target=\"_self\" href=\"\/fr\/resource-request\/1652\/brochure-groupements-de-cliniques-ght\/\">Download Brochure<\/a>\n\t<\/div>\t\t\t\n\t\t<div class=\"el wp-block-group  box-link has-lightgrey-background-color all-1 rapport-fr \">\n\t\t<div class=\"wp-block-columns is-layout-flex wp-container-27\">\n\t\t\t<div class=\"wp-block-column is-layout-flow\" style=\"flex-basis:55%\">\n\t\t\t\t<figure class=\"wp-block-image size-full\"><img decoding=\"async\" src=\"https:\/\/www.medireport.net\/wp-content\/uploads\/2023\/08\/kla-firstlook-thumb.jpg\" class=\"attachment-post-thumbnail size-post-thumbnail wp-post-image\" alt=\"\" srcset=\"https:\/\/www.medireport.net\/wp-content\/uploads\/2023\/08\/kla-firstlook-thumb.jpg 368w, https:\/\/www.medireport.net\/wp-content\/uploads\/2023\/08\/kla-firstlook-thumb-300x170.jpg 300w\" sizes=\"(max-width: 368px) 100vw, 368px\" \/><\/figure>\n\t\t\t<\/div>\n\t\t\t<div class=\"wp-block-column is-vertically-aligned-center is-layout-flow\">\n\t\t\t\t<div class=\"wp-block-group is-layout-constrained\">\n\t\t\t\t\t<p class=\"has-purple-color has-text-color has-xsmall-font-size\"><strong>Rapport<\/strong><\/p>\n\t\t\t\t\t<p class=\"has-normal-font-size\" style=\"margin-top:var(--wp--preset--spacing--20)\"><strong>MediReport Rapport KLAS<\/strong><\/p>\n\t\t\t\t\t<p><\/p>\n\t\t\t\t\t\n\t\t\t\t<\/div>\n\t\t\t<\/div>\n\t\t<\/div>\n\t\t<a target=\"_self\" href=\"\/fr\/resource-request\/1655\/medireport-rapport-klas\/\">Download Rapport<\/a>\n\t<\/div>\t\t\t\n\t\t<div class=\"el wp-block-group  box-link has-lightgrey-background-color all-1 video-fr \">\n\t\t<div class=\"wp-block-columns is-layout-flex wp-container-27\">\n\t\t\t<div class=\"wp-block-column is-layout-flow\" style=\"flex-basis:55%\">\n\t\t\t\t<figure class=\"wp-block-image size-full\"><img decoding=\"async\" src=\"https:\/\/www.medireport.net\/wp-content\/uploads\/2021\/03\/tracer-360-thumb.jpg\" class=\"attachment-post-thumbnail size-post-thumbnail wp-post-image\" alt=\"\" srcset=\"https:\/\/www.medireport.net\/wp-content\/uploads\/2021\/03\/tracer-360-thumb.jpg 368w, https:\/\/www.medireport.net\/wp-content\/uploads\/2021\/03\/tracer-360-thumb-300x170.jpg 300w\" sizes=\"(max-width: 368px) 100vw, 368px\" \/><\/figure>\n\t\t\t<\/div>\n\t\t\t<div class=\"wp-block-column is-vertically-aligned-center is-layout-flow\">\n\t\t\t\t<div class=\"wp-block-group is-layout-constrained\">\n\t\t\t\t\t<p class=\"has-purple-color has-text-color has-xsmall-font-size\"><strong>Vid\u00e9o<\/strong><\/p>\n\t\t\t\t\t<p class=\"has-normal-font-size\" style=\"margin-top:var(--wp--preset--spacing--20)\"><strong>Gestion des stocks<\/strong><\/p>\n\t\t\t\t\t<p><\/p>\n\t\t\t\t\t\n\t\t\t\t<\/div>\n\t\t\t<\/div>\n\t\t<\/div>\n\t\t<a target=\"_blank\" href=\"https:\/\/youtu.be\/vPllhRUpTa0\">Download Vid\u00e9o<\/a>\n\t<\/div>\t\t\t\n\t\t<div class=\"el wp-block-group  box-link has-lightgrey-background-color all-1 video-fr \">\n\t\t<div class=\"wp-block-columns is-layout-flex wp-container-27\">\n\t\t\t<div class=\"wp-block-column is-layout-flow\" style=\"flex-basis:55%\">\n\t\t\t\t<figure class=\"wp-block-image size-full\"><img decoding=\"async\" src=\"https:\/\/www.medireport.net\/wp-content\/uploads\/2019\/04\/medireport-thumb-2.jpg\" class=\"attachment-post-thumbnail size-post-thumbnail wp-post-image\" alt=\"\" srcset=\"https:\/\/www.medireport.net\/wp-content\/uploads\/2019\/04\/medireport-thumb-2.jpg 368w, https:\/\/www.medireport.net\/wp-content\/uploads\/2019\/04\/medireport-thumb-2-300x170.jpg 300w\" sizes=\"(max-width: 368px) 100vw, 368px\" \/><\/figure>\n\t\t\t<\/div>\n\t\t\t<div class=\"wp-block-column is-vertically-aligned-center is-layout-flow\">\n\t\t\t\t<div class=\"wp-block-group is-layout-constrained\">\n\t\t\t\t\t<p class=\"has-purple-color has-text-color has-xsmall-font-size\"><strong>Vid\u00e9o<\/strong><\/p>\n\t\t\t\t\t<p class=\"has-normal-font-size\" style=\"margin-top:var(--wp--preset--spacing--20)\"><strong>La Suite MediReport 360\u2122<\/strong><\/p>\n\t\t\t\t\t<p><\/p>\n\t\t\t\t\t\n\t\t\t\t<\/div>\n\t\t\t<\/div>\n\t\t<\/div>\n\t\t<a target=\"_blank\" href=\"https:\/\/youtu.be\/hhPPmxkjjX4\">Download Vid\u00e9o<\/a>\n\t<\/div>\t\t\t\n\t\t<div class=\"el wp-block-group  box-link has-lightgrey-background-color all-1 video-fr \">\n\t\t<div class=\"wp-block-columns is-layout-flex wp-container-27\">\n\t\t\t<div class=\"wp-block-column is-layout-flow\" style=\"flex-basis:55%\">\n\t\t\t\t<figure class=\"wp-block-image size-full\"><img decoding=\"async\" src=\"https:\/\/www.medireport.net\/wp-content\/uploads\/2019\/04\/data-analytics-thumb.jpg\" class=\"attachment-post-thumbnail size-post-thumbnail wp-post-image\" alt=\"\" srcset=\"https:\/\/www.medireport.net\/wp-content\/uploads\/2019\/04\/data-analytics-thumb.jpg 368w, https:\/\/www.medireport.net\/wp-content\/uploads\/2019\/04\/data-analytics-thumb-300x170.jpg 300w\" sizes=\"(max-width: 368px) 100vw, 368px\" \/><\/figure>\n\t\t\t<\/div>\n\t\t\t<div class=\"wp-block-column is-vertically-aligned-center is-layout-flow\">\n\t\t\t\t<div class=\"wp-block-group is-layout-constrained\">\n\t\t\t\t\t<p class=\"has-purple-color has-text-color has-xsmall-font-size\"><strong>Vid\u00e9o<\/strong><\/p>\n\t\t\t\t\t<p class=\"has-normal-font-size\" style=\"margin-top:var(--wp--preset--spacing--20)\"><strong>Analyse des donn\u00e9es et de la performance<\/strong><\/p>\n\t\t\t\t\t<p><\/p>\n\t\t\t\t\t\n\t\t\t\t<\/div>\n\t\t\t<\/div>\n\t\t<\/div>\n\t\t<a target=\"_blank\" href=\"https:\/\/youtu.be\/bYswVSNscgw\">Download Vid\u00e9o<\/a>\n\t<\/div>\t\t\t\n\t\t<div class=\"el wp-block-group  box-link has-lightgrey-background-color all-1 brochure-fr \">\n\t\t<div class=\"wp-block-columns is-layout-flex wp-container-27\">\n\t\t\t<div class=\"wp-block-column is-layout-flow\" style=\"flex-basis:55%\">\n\t\t\t\t<figure class=\"wp-block-image size-full\"><img decoding=\"async\" src=\"https:\/\/www.medireport.net\/wp-content\/uploads\/2023\/08\/rsrc-tracery360-brochure-single-thumb.png\" class=\"attachment-post-thumbnail size-post-thumbnail wp-post-image\" alt=\"\" \/><\/figure>\n\t\t\t<\/div>\n\t\t\t<div class=\"wp-block-column is-vertically-aligned-center is-layout-flow\">\n\t\t\t\t<div class=\"wp-block-group is-layout-constrained\">\n\t\t\t\t\t<p class=\"has-purple-color has-text-color has-xsmall-font-size\"><strong>Brochure<\/strong><\/p>\n\t\t\t\t\t<p class=\"has-normal-font-size\" style=\"margin-top:var(--wp--preset--spacing--20)\"><strong>Gestion des stocks<\/strong><\/p>\n\t\t\t\t\t<p><\/p>\n\t\t\t\t\t\n\t\t\t\t<\/div>\n\t\t\t<\/div>\n\t\t<\/div>\n\t\t<a target=\"_self\" href=\"\/fr\/resource-request\/1653\/gestion-des-stocks\/\">Download Brochure<\/a>\n\t<\/div>\t\t\t\n\t\t<div class=\"el wp-block-group  box-link has-lightgrey-background-color all-1 brochure-fr \">\n\t\t<div class=\"wp-block-columns is-layout-flex wp-container-27\">\n\t\t\t<div class=\"wp-block-column is-layout-flow\" style=\"flex-basis:55%\">\n\t\t\t\t<figure class=\"wp-block-image size-full\"><img decoding=\"async\" src=\"https:\/\/www.medireport.net\/wp-content\/uploads\/2023\/08\/rsrc-kpi-brochure-single-thumb.png\" class=\"attachment-post-thumbnail size-post-thumbnail wp-post-image\" alt=\"\" \/><\/figure>\n\t\t\t<\/div>\n\t\t\t<div class=\"wp-block-column is-vertically-aligned-center is-layout-flow\">\n\t\t\t\t<div class=\"wp-block-group is-layout-constrained\">\n\t\t\t\t\t<p class=\"has-purple-color has-text-color has-xsmall-font-size\"><strong>Brochure<\/strong><\/p>\n\t\t\t\t\t<p class=\"has-normal-font-size\" style=\"margin-top:var(--wp--preset--spacing--20)\"><strong>Analyse des donn\u00e9es et de la performance<\/strong><\/p>\n\t\t\t\t\t<p><\/p>\n\t\t\t\t\t\n\t\t\t\t<\/div>\n\t\t\t<\/div>\n\t\t<\/div>\n\t\t<a target=\"_self\" href=\"\/fr\/resource-request\/1654\/analyse-des-donn-es-et-de-la-performance\/\">Download Brochure<\/a>\n\t<\/div>\t\t\t\n\t\t<div class=\"el wp-block-group  box-link has-lightgrey-background-color all-1 brochure-fr \">\n\t\t<div class=\"wp-block-columns is-layout-flex wp-container-27\">\n\t\t\t<div class=\"wp-block-column is-layout-flow\" style=\"flex-basis:55%\">\n\t\t\t\t<figure class=\"wp-block-image size-full\"><img decoding=\"async\" src=\"https:\/\/www.medireport.net\/wp-content\/uploads\/2023\/08\/rsrc-medireport360-single-brochure-thumb.png\" class=\"attachment-post-thumbnail size-post-thumbnail wp-post-image\" alt=\"\" \/><\/figure>\n\t\t\t<\/div>\n\t\t\t<div class=\"wp-block-column is-vertically-aligned-center is-layout-flow\">\n\t\t\t\t<div class=\"wp-block-group is-layout-constrained\">\n\t\t\t\t\t<p class=\"has-purple-color has-text-color has-xsmall-font-size\"><strong>Brochure<\/strong><\/p>\n\t\t\t\t\t<p class=\"has-normal-font-size\" style=\"margin-top:var(--wp--preset--spacing--20)\"><strong>La Suite MediReport 360\u2122<\/strong><\/p>\n\t\t\t\t\t<p><\/p>\n\t\t\t\t\t\n\t\t\t\t<\/div>\n\t\t\t<\/div>\n\t\t<\/div>\n\t\t<a target=\"_self\" href=\"\/fr\/resource-request\/1656\/la-suite-medireport-360-tm\/\">Download Brochure<\/a>\n\t<\/div>\t\t\t\n\t<\/div>\t\t\t\n<div style=\"height:7.5rem\" aria-hidden=\"true\" class=\"wp-block-spacer\"><\/div><\/div>\n<\/section>\n","protected":false},"excerpt":{"rendered":"","protected":false},"author":2,"featured_media":0,"parent":0,"menu_order":0,"comment_status":"closed","ping_status":"closed","template":"","meta":{"footnotes":""},"class_list":["post-1581","page","type-page","status-publish","hentry"],"acf":[],"yoast_head":"<!-- This site is optimized with the Yoast SEO plugin v21.3 - https:\/\/yoast.com\/wordpress\/plugins\/seo\/ -->\n<title>Centre de ressources | Explorez nos derniers contenus<\/title>\n<meta name=\"robots\" content=\"index, follow, max-snippet:-1, max-image-preview:large, max-video-preview:-1\" \/>\n<link rel=\"canonical\" href=\"https:\/\/www.medireport.net\/fr\/centre-de-ressources\/\" \/>\n<meta property=\"og:locale\" content=\"fr_FR\" \/>\n<meta property=\"og:type\" content=\"article\" \/>\n<meta property=\"og:title\" content=\"Centre de ressources | Explorez nos derniers contenus\" \/>\n<meta property=\"og:url\" content=\"https:\/\/www.medireport.net\/fr\/centre-de-ressources\/\" \/>\n<meta property=\"og:site_name\" content=\"MediReport\" \/>\n<meta property=\"article:modified_time\" content=\"2024-01-25T16:21:58+00:00\" \/>\n<meta property=\"og:image\" content=\"https:\/\/www.medireport.net\/wp-content\/uploads\/2023\/08\/medireport-resource-header.svg\" \/>\n<meta name=\"twitter:card\" content=\"summary_large_image\" \/>\n<script type=\"application\/ld+json\" class=\"yoast-schema-graph\">{\"@context\":\"https:\/\/schema.org\",\"@graph\":[{\"@type\":\"WebPage\",\"@id\":\"https:\/\/www.medireport.net\/fr\/centre-de-ressources\/\",\"url\":\"https:\/\/www.medireport.net\/fr\/centre-de-ressources\/\",\"name\":\"Centre de ressources | Explorez nos derniers contenus\",\"isPartOf\":{\"@id\":\"https:\/\/www.medireport.net\/fr\/#website\"},\"datePublished\":\"2023-08-08T19:09:52+00:00\",\"dateModified\":\"2024-01-25T16:21:58+00:00\",\"breadcrumb\":{\"@id\":\"https:\/\/www.medireport.net\/fr\/centre-de-ressources\/#breadcrumb\"},\"inLanguage\":\"fr-FR\",\"potentialAction\":[{\"@type\":\"ReadAction\",\"target\":[\"https:\/\/www.medireport.net\/fr\/centre-de-ressources\/\"]}]},{\"@type\":\"BreadcrumbList\",\"@id\":\"https:\/\/www.medireport.net\/fr\/centre-de-ressources\/#breadcrumb\",\"itemListElement\":[{\"@type\":\"ListItem\",\"position\":1,\"name\":\"Home\",\"item\":\"https:\/\/www.medireport.net\/fr\/\"},{\"@type\":\"ListItem\",\"position\":2,\"name\":\"Centre de ressources\"}]},{\"@type\":\"WebSite\",\"@id\":\"https:\/\/www.medireport.net\/fr\/#website\",\"url\":\"https:\/\/www.medireport.net\/fr\/\",\"name\":\"MediReport\",\"description\":\"\",\"publisher\":{\"@id\":\"https:\/\/www.medireport.net\/fr\/#organization\"},\"potentialAction\":[{\"@type\":\"SearchAction\",\"target\":{\"@type\":\"EntryPoint\",\"urlTemplate\":\"https:\/\/www.medireport.net\/fr\/?s={search_term_string}\"},\"query-input\":\"required name=search_term_string\"}],\"inLanguage\":\"fr-FR\"},{\"@type\":\"Organization\",\"@id\":\"https:\/\/www.medireport.net\/fr\/#organization\",\"name\":\"MediReport\",\"url\":\"https:\/\/www.medireport.net\/fr\/\",\"logo\":{\"@type\":\"ImageObject\",\"inLanguage\":\"fr-FR\",\"@id\":\"https:\/\/www.medireport.net\/fr\/#\/schema\/logo\/image\/\",\"url\":\"https:\/\/www.medireport.net\/wp-content\/uploads\/2024\/03\/MediReport_logo_PNG.png\",\"contentUrl\":\"https:\/\/www.medireport.net\/wp-content\/uploads\/2024\/03\/MediReport_logo_PNG.png\",\"width\":755,\"height\":253,\"caption\":\"MediReport\"},\"image\":{\"@id\":\"https:\/\/www.medireport.net\/fr\/#\/schema\/logo\/image\/\"},\"sameAs\":[\"https:\/\/fr.linkedin.com\/company\/medireport\",\"https:\/\/www.youtube.com\/watch?v=OjrzpMuFw2A\"]}]}<\/script>\n<!-- \/ Yoast SEO plugin. -->","yoast_head_json":{"title":"Centre de ressources | Explorez nos derniers contenus","robots":{"index":"index","follow":"follow","max-snippet":"max-snippet:-1","max-image-preview":"max-image-preview:large","max-video-preview":"max-video-preview:-1"},"canonical":"https:\/\/www.medireport.net\/fr\/centre-de-ressources\/","og_locale":"fr_FR","og_type":"article","og_title":"Centre de ressources | Explorez nos derniers contenus","og_url":"https:\/\/www.medireport.net\/fr\/centre-de-ressources\/","og_site_name":"MediReport","article_modified_time":"2024-01-25T16:21:58+00:00","og_image":[{"url":"https:\/\/www.medireport.net\/wp-content\/uploads\/2023\/08\/medireport-resource-header.svg"}],"twitter_card":"summary_large_image","schema":{"@context":"https:\/\/schema.org","@graph":[{"@type":"WebPage","@id":"https:\/\/www.medireport.net\/fr\/centre-de-ressources\/","url":"https:\/\/www.medireport.net\/fr\/centre-de-ressources\/","name":"Centre de ressources | Explorez nos derniers contenus","isPartOf":{"@id":"https:\/\/www.medireport.net\/fr\/#website"},"datePublished":"2023-08-08T19:09:52+00:00","dateModified":"2024-01-25T16:21:58+00:00","breadcrumb":{"@id":"https:\/\/www.medireport.net\/fr\/centre-de-ressources\/#breadcrumb"},"inLanguage":"fr-FR","potentialAction":[{"@type":"ReadAction","target":["https:\/\/www.medireport.net\/fr\/centre-de-ressources\/"]}]},{"@type":"BreadcrumbList","@id":"https:\/\/www.medireport.net\/fr\/centre-de-ressources\/#breadcrumb","itemListElement":[{"@type":"ListItem","position":1,"name":"Home","item":"https:\/\/www.medireport.net\/fr\/"},{"@type":"ListItem","position":2,"name":"Centre de ressources"}]},{"@type":"WebSite","@id":"https:\/\/www.medireport.net\/fr\/#website","url":"https:\/\/www.medireport.net\/fr\/","name":"MediReport","description":"","publisher":{"@id":"https:\/\/www.medireport.net\/fr\/#organization"},"potentialAction":[{"@type":"SearchAction","target":{"@type":"EntryPoint","urlTemplate":"https:\/\/www.medireport.net\/fr\/?s={search_term_string}"},"query-input":"required name=search_term_string"}],"inLanguage":"fr-FR"},{"@type":"Organization","@id":"https:\/\/www.medireport.net\/fr\/#organization","name":"MediReport","url":"https:\/\/www.medireport.net\/fr\/","logo":{"@type":"ImageObject","inLanguage":"fr-FR","@id":"https:\/\/www.medireport.net\/fr\/#\/schema\/logo\/image\/","url":"https:\/\/www.medireport.net\/wp-content\/uploads\/2024\/03\/MediReport_logo_PNG.png","contentUrl":"https:\/\/www.medireport.net\/wp-content\/uploads\/2024\/03\/MediReport_logo_PNG.png","width":755,"height":253,"caption":"MediReport"},"image":{"@id":"https:\/\/www.medireport.net\/fr\/#\/schema\/logo\/image\/"},"sameAs":["https:\/\/fr.linkedin.com\/company\/medireport","https:\/\/www.youtube.com\/watch?v=OjrzpMuFw2A"]}]}},"_links":{"self":[{"href":"https:\/\/www.medireport.net\/fr\/wp-json\/wp\/v2\/pages\/1581","targetHints":{"allow":["GET"]}}],"collection":[{"href":"https:\/\/www.medireport.net\/fr\/wp-json\/wp\/v2\/pages"}],"about":[{"href":"https:\/\/www.medireport.net\/fr\/wp-json\/wp\/v2\/types\/page"}],"author":[{"embeddable":true,"href":"https:\/\/www.medireport.net\/fr\/wp-json\/wp\/v2\/users\/2"}],"replies":[{"embeddable":true,"href":"https:\/\/www.medireport.net\/fr\/wp-json\/wp\/v2\/comments?post=1581"}],"version-history":[{"count":5,"href":"https:\/\/www.medireport.net\/fr\/wp-json\/wp\/v2\/pages\/1581\/revisions"}],"predecessor-version":[{"id":2058,"href":"https:\/\/www.medireport.net\/fr\/wp-json\/wp\/v2\/pages\/1581\/revisions\/2058"}],"wp:attachment":[{"href":"https:\/\/www.medireport.net\/fr\/wp-json\/wp\/v2\/media?parent=1581"}],"curies":[{"name":"wp","href":"https:\/\/api.w.org\/{rel}","templated":true}]}}