{"id":1582,"date":"2023-08-22T19:40:50","date_gmt":"2023-08-22T17:40:50","guid":{"rendered":"https:\/\/www.medireport.net\/politique-de-confidentialite\/"},"modified":"2024-03-15T11:01:37","modified_gmt":"2024-03-15T10:01:37","slug":"politique-de-confidentialite","status":"publish","type":"page","link":"https:\/\/www.medireport.net\/fr\/politique-de-confidentialite\/","title":{"rendered":"Politique de confidentialit\u00e9"},"content":{"rendered":"\n<section class=\"wp-block-mkl-section-block\">\n<div class=\"wp-block-group is-layout-constrained wp-block-group-is-layout-constrained\">\n<div class=\"wp-block-columns is-layout-flex wp-container-core-columns-is-layout-28f84493 wp-block-columns-is-layout-flex\">\n<div class=\"wp-block-column is-vertically-aligned-center is-layout-flow wp-block-column-is-layout-flow\">\n<h1 class=\"wp-block-heading has-webblack-color has-text-color\" style=\"margin-top:var(--wp--preset--spacing--30)\">Politique de confidentialit\u00e9 de MediReport<\/h1>\n\n\n\n<p class=\"max500 has-webblack-color has-text-color\">Date d&rsquo;entr\u00e9e en vigueur : mars 2023<\/p>\n<\/div>\n\n\n\n<div class=\"wp-block-column is-layout-flow wp-block-column-is-layout-flow\">\n<figure class=\"wp-block-image size-full\"><img loading=\"lazy\" decoding=\"async\" width=\"465\" height=\"404\" src=\"https:\/\/www.medireport.net\/wp-content\/uploads\/2023\/07\/medireport-innovate.webp\" alt=\"medireport innovate\" class=\"wp-image-194\" srcset=\"https:\/\/www.medireport.net\/wp-content\/uploads\/2023\/07\/medireport-innovate.webp 465w, https:\/\/www.medireport.net\/wp-content\/uploads\/2023\/07\/medireport-innovate-300x261.webp 300w\" sizes=\"auto, (max-width: 465px) 100vw, 465px\" \/><\/figure>\n<\/div>\n<\/div>\n<\/div>\n<\/section>\n\n\n\n<div style=\"height:3.73rem\" aria-hidden=\"true\" class=\"wp-block-spacer\"><\/div>\n\n\n\n<section class=\"wp-block-mkl-section-block\">\n<div class=\"wp-block-group is-layout-constrained wp-block-group-is-layout-constrained\">\n<div class=\"wp-block-group is-layout-flow wp-block-group-is-layout-flow\" style=\"padding-top:0;padding-bottom:0\">\n<p>Cette politique de confidentialit\u00e9 d\u00e9crit comment MediReport, en tant que contr\u00f4leur de donn\u00e9es, peut collecter vos informations personnelles par le biais du site internet, comment nous pouvons les utiliser et comment vous pouvez exercer vos droits concernant notre traitement des informations. La politique de confidentialit\u00e9 d\u00e9crit \u00e9galement les mesures que nous prenons pour prot\u00e9ger les informations personnelles que nous obtenons et la mani\u00e8re dont vous pouvez nous contacter au sujet de nos pratiques en mati\u00e8re de confidentialit\u00e9.<\/p>\n\n\n\n<p>Th\u00e8mes :<\/p>\n\n\n\n<ul class=\"wp-block-list\">\n<li>Quelles sont les donn\u00e9es collect\u00e9es ?<\/li>\n\n\n\n<li>Comment recueillons-nous vos donn\u00e9es ?<\/li>\n\n\n\n<li>Comment utiliserons-nous vos donn\u00e9es ?<\/li>\n\n\n\n<li>Comment conservons-nous vos donn\u00e9es ?<\/li>\n\n\n\n<li>Marketing<\/li>\n\n\n\n<li>Quels sont vos droits en mati\u00e8re de protection des donn\u00e9es ?<\/li>\n\n\n\n<li>Qu&rsquo;est-ce qu&rsquo;un cookie ?<\/li>\n\n\n\n<li>Comment utilisons-nous les cookies ?<\/li>\n\n\n\n<li>Quels types de cookies utilisons-nous ?<\/li>\n\n\n\n<li>Comment g\u00e9rer vos cookies<\/li>\n\n\n\n<li>Politiques de confidentialit\u00e9 d&rsquo;autres sites internet<\/li>\n\n\n\n<li>Modifications de notre politique de confidentialit\u00e9<\/li>\n\n\n\n<li>Comment nous contacter<\/li>\n<\/ul>\n\n\n\n<p><strong>Quelles sont les donn\u00e9es collect\u00e9es ?<\/strong><\/p>\n\n\n\n<p>MediReport collecte les donn\u00e9es suivantes :<br>Informations d&rsquo;identification personnelle : Nom, adresse \u00e9lectronique, num\u00e9ro de t\u00e9l\u00e9phone, fonction et cookies de navigation.<\/p>\n\n\n\n<p><strong>Comment recueillons-nous vos donn\u00e9es ?<\/strong><\/p>\n\n\n\n<p>Vous fournissez directement \u00e0 MediReport la plupart des donn\u00e9es que nous collectons. Nous collectons et traitons des donn\u00e9es lorsque vous :<\/p>\n\n\n\n<ul class=\"wp-block-list\">\n<li>Remplissez un formulaire de contact pour demander des informations.<\/li>\n\n\n\n<li>Remplissez un formulaire de contact pour t\u00e9l\u00e9charger une brochure.<\/li>\n\n\n\n<li>Remplissez un formulaire de contact pour demander une d\u00e9monstration.<\/li>\n\n\n\n<li>Vous inscrivez en ligne.<\/li>\n\n\n\n<li>Etes en contact avec le personnel de MediReport lors d&rsquo;un \u00e9v\u00e9nement professionnel et vous acceptez de partager vos donn\u00e9es professionnelles personnelles.<\/li>\n\n\n\n<li>R\u00e9pondez volontairement \u00e0 une enqu\u00eate aupr\u00e8s des clients ou fournissez un retour d&rsquo;information sur l&rsquo;un de nos tableaux d&rsquo;affichage ou par courrier \u00e9lectronique.<\/li>\n\n\n\n<li>Utilisez ou consultez notre site internet via les cookies de votre navigateur.<\/li>\n<\/ul>\n\n\n\n<p><strong>Comment utiliserons-nous vos donn\u00e9es ?<\/strong><\/p>\n\n\n\n<p>MediReport, en tant que responsable du traitement des donn\u00e9es, recueille vos donn\u00e9es afin de pouvoir :<\/p>\n\n\n\n<ul class=\"wp-block-list\">\n<li>R\u00e9pondre \u00e0 toutes les questions que vous pouvez vous poser sur nos produits. Dans ce cas, la base l\u00e9gale de ce traitement est la n\u00e9cessit\u00e9 contractuelle ou pr\u00e9-contractuelle entre vous, en tant que client potentiel, et MediReport.<\/li>\n\n\n\n<li>Vous informer sur les \u00e9v\u00e9nements auxquels nous pouvons participer ou sur nos produits. Dans ce cas, la base l\u00e9gale de ce traitement est notre int\u00e9r\u00eat l\u00e9gitime en tant qu&rsquo;entreprise \u00e0 informer nos clients, existants ou potentiels, de nos activit\u00e9s \u00e0 venir, afin de d\u00e9velopper nos relations et nos affaires.<\/li>\n\n\n\n<li>Vous envoyer par e-mail des offres sp\u00e9ciales sur d&rsquo;autres produits et services que nous pensons susceptibles de vous int\u00e9resser. Dans ce cas, la base l\u00e9gale de ce traitement est notre int\u00e9r\u00eat l\u00e9gitime en tant qu&rsquo;entreprise \u00e0 informer nos clients, existants ou potentiels, de nos activit\u00e9s \u00e0 venir, afin de d\u00e9velopper nos relations et nos affaires.<\/li>\n\n\n\n<li>Proc\u00e9der \u00e0 l&#8217;embauche de profils ad\u00e9quats pour les postes ouverts au sein de MediReport. Dans ce cas, la base l\u00e9gale de ce traitement est notre int\u00e9r\u00eat l\u00e9gitime en tant qu&rsquo;entreprise \u00e0 identifier des candidats appropri\u00e9s pour contribuer \u00e0 notre d\u00e9veloppement et \u00e0 notre croissance.<\/li>\n\n\n\n<li>Comprendre votre utilisation de notre site internet et vous garder connect\u00e9. Dans ce cas, la base l\u00e9gale est notre int\u00e9r\u00eat l\u00e9gitime en tant qu&rsquo;entreprise \u00e0 vous offrir une exp\u00e9rience utilisateur de qualit\u00e9.<\/li>\n<\/ul>\n\n\n\n<p>Si vous \u00eates d&rsquo;accord et le cas \u00e9ch\u00e9ant, MediReport partagera vos donn\u00e9es avec nos soci\u00e9t\u00e9s partenaires afin qu&rsquo;elles puissent vous proposer leurs produits et services.<\/p>\n\n\n\n<p><strong>Comment stockons-nous vos donn\u00e9es et combien de temps les conserverons-nous ?<\/strong><\/p>\n\n\n\n<ul class=\"wp-block-list\">\n<li>MediReport prend toutes les mesures techniques et organisationnelles pour s&rsquo;assurer que vos donn\u00e9es soient stock\u00e9es en toute s\u00e9curit\u00e9 au sein de l&rsquo;Union europ\u00e9enne.<\/li>\n\n\n\n<li>Combien de temps vos donn\u00e9es seront-elles conserv\u00e9es ?\n<ul class=\"wp-block-list\">\n<li>En tant que client ou si vous \u00eates en discussion pour l&rsquo;achat d&rsquo;un de nos produits, vos donn\u00e9es seront conserv\u00e9es aussi longtemps que vous serez en relation contractuelle avec nous, plus une p\u00e9riode de 5 ans.<\/li>\n\n\n\n<li>Si vous \u00eates juste en contact avec nous et que vous n&rsquo;\u00eates pas encore client ou que vous discutez de l&rsquo;achat d&rsquo;un de nos produits, vos donn\u00e9es seront conserv\u00e9es pendant une p\u00e9riode de 10 ans.<\/li>\n\n\n\n<li>Si vous avez pos\u00e9 votre candidature pour un poste chez MediReport. Vos donn\u00e9es seront conserv\u00e9es pendant toute la dur\u00e9e de la proc\u00e9dure d&#8217;embauche. \u00c0 la fin de celle-ci et si vous n&rsquo;\u00eates pas embauch\u00e9 et si votre profil peut pr\u00e9senter un int\u00e9r\u00eat pour des postes futurs, nous vous demanderons votre consentement pour le conserver pendant un maximum de deux ans.<\/li>\n\n\n\n<li>Les donn\u00e9es collect\u00e9es par le biais des cookies sur notre site internet sont conserv\u00e9es pendant une dur\u00e9e maximale de six mois (la dur\u00e9e de conservation des cookies tiers est pr\u00e9cis\u00e9e dans la personnalisation de vos pr\u00e9f\u00e9rences en mati\u00e8re de consentement).<\/li>\n<\/ul>\n<\/li>\n<\/ul>\n\n\n\n<p><strong>Quels sont vos droits en mati\u00e8re de protection des donn\u00e9es ?<\/strong><\/p>\n\n\n\n<p>Conform\u00e9ment au <strong>r\u00e8glement (UE) 2016\/679 sur la protection des donn\u00e9es personnelles (GDPR),<\/strong> vous pouvez exercer les droits suivants :<\/p>\n\n\n\n<p><strong>Droit d&rsquo;acc\u00e8s &#8211;<\/strong> Vous avez le droit de demander \u00e0 MediReport des copies de vos donn\u00e9es personnelles. Il se peut que nous vous facturions un faible montant pour ce service.<\/p>\n\n\n\n<p><strong>Droit de rectification &#8211;<\/strong> Vous avez le droit de demander \u00e0 MediReport de corriger toute information que vous jugez inexacte. Vous avez \u00e9galement le droit de demander \u00e0 MediReport de compl\u00e9ter les informations que vous jugez incompl\u00e8tes.<\/p>\n\n\n\n<p><strong>Le droit \u00e0 l&rsquo;effacement &#8211; <\/strong>Vous avez le droit de demander \u00e0 MediReport d&rsquo;effacer vos donn\u00e9es personnelles, sous certaines conditions.<\/p>\n\n\n\n<p><strong>Le droit de restreindre le traitement &#8211;<\/strong> Vous avez le droit de demander \u00e0 MediReport de restreindre le traitement de vos donn\u00e9es personnelles, sous certaines conditions.<\/p>\n\n\n\n<p><strong>Le droit de s&rsquo;opposer au traitement &#8211;<\/strong> Vous avez le droit de vous opposer au traitement de vos donn\u00e9es personnelles par MediReport, sous certaines conditions.<\/p>\n\n\n\n<p><strong>Droit \u00e0 la portabilit\u00e9 des donn\u00e9es &#8211;<\/strong> Vous avez le droit de demander \u00e0 MediReport de transf\u00e9rer les donn\u00e9es que nous avons collect\u00e9es \u00e0 une autre organisation, ou directement \u00e0 vous, sous certaines conditions.<\/p>\n\n\n\n<p>Si vous faites une demande, nous avons un mois pour vous r\u00e9pondre. Si vous souhaitez exercer l&rsquo;un de ces droits, veuillez nous contacter:<\/p>\n\n\n\n<p>Appelez-nous au +33 9 72 45 33 10 ou \u00e9crivez-nous : <a href=\"mailto:privacy@medireport.fr\">privacy@medireport.fr<\/a> <\/p>\n\n\n\n<p><strong>Que sont les Cookies<\/strong> <strong>?<\/strong><\/p>\n\n\n\n<p>Les cookies sont des fichiers texte plac\u00e9s sur un ordinateur pour collecter des informations sur la navigation et le comportement des visiteurs sur le site internet. Lorsque vous visitez nos sites web, nous pouvons collecter automatiquement des informations vous concernant par le biais de cookies ou de technologies similaires. Pour plus d&rsquo;informations, consultez le site <a href=\"https:\/\/www.cnil.fr\/fr\/cnil-direct\/question\/un-cookie-quest-ce-que-cest\" target=\"_blank\" rel=\"noreferrer noopener\">https:\/\/www.cnil.fr\/fr\/cnil-direct\/question\/un-cookie-quest-ce-que-cest<\/a><\/p>\n\n\n\n<p><strong>Comment utilisons-nous les cookies ?<\/strong><\/p>\n\n\n\n<p>MediReport utilise des cookies de diff\u00e9rentes mani\u00e8res afin d&rsquo;am\u00e9liorer votre exp\u00e9rience sur notre site internet, y compris :<\/p>\n\n\n\n<ul class=\"wp-block-list\">\n<li>Vous garder connect\u00e9<\/li>\n\n\n\n<li>Comprendre comment vous utilisez notre site internet<\/li>\n<\/ul>\n\n\n\n<p><strong>Quels types de cookies utilisons-nous ?<\/strong><\/p>\n\n\n\n<p>Il existe un certain nombre de types de cookies diff\u00e9rents, notre site internet utilise les cookies suivants :<\/p>\n\n\n\n<ul class=\"wp-block-list\">\n<li><strong>N\u00e9cessaire &#8211;<\/strong> MediReport utilise ces cookies pour le bon fonctionnement de son site internet. <\/li>\n\n\n\n<li><strong>Fonctionnalit\u00e9 &#8211;<\/strong> MediReport utilise ces cookies pour vous reconna\u00eetre quand vous visitez notre site internet et se souvenir des pr\u00e9f\u00e9rences que vous avez s\u00e9lectionn\u00e9es pr\u00e9c\u00e9demment. Il peut s&rsquo;agir de la langue que vous pr\u00e9f\u00e9rez et de l&rsquo;endroit o\u00f9 vous vous trouvez. Une combinaison de cookies de premi\u00e8re partie et tiers est utilis\u00e9e.<\/li>\n\n\n\n<li><strong>Marketing &#8211;<\/strong> MediReport utilise ces cookies pour collecter des informations sur votre visite sur notre site internet, le contenu que vous avez consult\u00e9, les liens que vous avez suivis et des informations sur votre navigateur, votre appareil et votre adresse IP. Une combinaison de cookies de premi\u00e8re partie et tiers est utilis\u00e9e.<\/li>\n<\/ul>\n\n\n\n<p><strong>Comment pouvez-vous g\u00e9rer les cookies<\/strong> <strong>?<\/strong><\/p>\n\n\n\n<ul class=\"wp-block-list\">\n<li>Vous avez la possibilit\u00e9, lorsque vous acc\u00e9dez \u00e0 notre site internet pour la premi\u00e8re fois ou \u00e0 tout moment lorsque vous le parcourez, de choisir entre <strong>accepter tous les cookies, refuser tous les cookies<\/strong> ou <strong>les g\u00e9rer individuellement.<\/strong> Notez que certaines fonctionnalit\u00e9s du site peuvent ne pas fonctionner si vous d\u00e9cidez de refuser tout ou partie des cookies.<\/li>\n<\/ul>\n\n\n\n<ul class=\"wp-block-list\">\n<li>Vous pouvez \u00e9galement param\u00e9trer votre navigateur pour qu&rsquo;il n&rsquo;accepte pas les cookies. Le site web susmentionn\u00e9 (<a href=\"https:\/\/www.cnil.fr\/fr\/cookies-et-autres-traceurs\/comment-se-proteger\/maitriser-votre-navigateur\" target=\"_blank\" rel=\"noreferrer noopener\">https:\/\/www.cnil.fr\/fr\/cookies-et-autres-traceurs\/comment-se-proteger\/maitriser-votre-navigateur<\/a>) vous explique comment supprimer les cookies de votre navigateur. Toutefois, dans certains cas, certaines fonctionnalit\u00e9s de notre site internet peuvent ne pas fonctionner si vous d\u00e9cidez de refuser tout ou partie des cookies.<\/li>\n<\/ul>\n\n\n\n<p><strong>Politiques de confidentialit\u00e9 d&rsquo;autres sites web<\/strong><\/p>\n\n\n\n<p>Le site internet MediReport contient des liens vers d&rsquo;autres sites web. Notre politique de confidentialit\u00e9 ne s&rsquo;applique qu&rsquo;\u00e0 notre site internet. Si vous cliquez sur un lien vers un autre site web, veuillez prendre connaissance de sa politique de confidentialit\u00e9.<\/p>\n\n\n\n<p><strong>Modifications de notre politique de confidentialit\u00e9<\/strong><\/p>\n\n\n\n<p>MediReport r\u00e9vise r\u00e9guli\u00e8rement sa politique de confidentialit\u00e9 et publie toute mise \u00e0 jour sur cette page web. Cette politique de confidentialit\u00e9 a \u00e9t\u00e9 mise \u00e0 jour pour la derni\u00e8re fois en mars 2024.<\/p>\n\n\n\n<p><strong>Comment nous contacter<\/strong><\/p>\n\n\n\n<p>Si vous avez des questions concernant la politique de confidentialit\u00e9 de MediReport, les donn\u00e9es que nous d\u00e9tenons sur vous, ou si vous souhaitez exercer l&rsquo;un de vos droits en mati\u00e8re de protection des donn\u00e9es, n&rsquo;h\u00e9sitez pas \u00e0 nous contacter.<\/p>\n\n\n\n<p>Envoyez-nous un email \u00e0 l&rsquo;adresse suivante : <a href=\"mailto:privacy@medireport.fr\">privacy@medireport.fr<\/a> <br>Appelez-nous : +33 9 72 45 33 10<br>Ou \u00e9crivez-nous \u00e0 l&rsquo;adresse suivante<br>MediReport<br>19 rue du G\u00e9n\u00e9ral Foy<br>75008 Paris &#8211; France<\/p>\n\n\n\n<p>Si, apr\u00e8s nous avoir contact\u00e9s, vous estimez que nos r\u00e9ponses n&rsquo;ont pas \u00e9t\u00e9 ad\u00e9quates ou que vos droits n&rsquo;ont pas \u00e9t\u00e9 respect\u00e9s, vous pouvez contacter l&rsquo;autorit\u00e9 de contr\u00f4le comp\u00e9tente :<\/p>\n\n\n\n<p>Commission Nationale de l&rsquo;Informatique et des Libert\u00e9s (CNIL)<br>3 place de Fontenoy<br>75007 Paris<br>France<\/p>\n\n\n\n<p><\/p>\n<\/div>\n<\/div>\n<\/section>\n","protected":false},"excerpt":{"rendered":"","protected":false},"author":2,"featured_media":0,"parent":0,"menu_order":0,"comment_status":"closed","ping_status":"closed","template":"","meta":{"footnotes":""},"class_list":["post-1582","page","type-page","status-publish","hentry"],"acf":[],"yoast_head":"<!-- This site is optimized with the Yoast SEO plugin v21.3 - https:\/\/yoast.com\/wordpress\/plugins\/seo\/ -->\n<title>Politique de confidentialit\u00e9<\/title>\n<meta name=\"robots\" content=\"index, follow, max-snippet:-1, max-image-preview:large, max-video-preview:-1\" \/>\n<link rel=\"canonical\" href=\"https:\/\/www.medireport.net\/fr\/politique-de-confidentialite\/\" \/>\n<meta property=\"og:locale\" content=\"fr_FR\" \/>\n<meta property=\"og:type\" content=\"article\" \/>\n<meta property=\"og:title\" content=\"Politique de confidentialit\u00e9\" \/>\n<meta property=\"og:url\" content=\"https:\/\/www.medireport.net\/fr\/politique-de-confidentialite\/\" \/>\n<meta property=\"og:site_name\" content=\"MediReport\" \/>\n<meta property=\"article:modified_time\" content=\"2024-03-15T10:01:37+00:00\" \/>\n<meta property=\"og:image\" content=\"https:\/\/www.medireport.net\/wp-content\/uploads\/2023\/07\/medireport-innovate.webp\" \/>\n<meta name=\"twitter:card\" content=\"summary_large_image\" \/>\n<meta name=\"twitter:label1\" content=\"Dur\u00e9e de lecture estim\u00e9e\" \/>\n\t<meta name=\"twitter:data1\" content=\"9 minutes\" \/>\n<script type=\"application\/ld+json\" class=\"yoast-schema-graph\">{\"@context\":\"https:\/\/schema.org\",\"@graph\":[{\"@type\":\"WebPage\",\"@id\":\"https:\/\/www.medireport.net\/fr\/politique-de-confidentialite\/\",\"url\":\"https:\/\/www.medireport.net\/fr\/politique-de-confidentialite\/\",\"name\":\"Politique de confidentialit\u00e9\",\"isPartOf\":{\"@id\":\"https:\/\/www.medireport.net\/fr\/#website\"},\"datePublished\":\"2023-08-22T17:40:50+00:00\",\"dateModified\":\"2024-03-15T10:01:37+00:00\",\"breadcrumb\":{\"@id\":\"https:\/\/www.medireport.net\/fr\/politique-de-confidentialite\/#breadcrumb\"},\"inLanguage\":\"fr-FR\",\"potentialAction\":[{\"@type\":\"ReadAction\",\"target\":[\"https:\/\/www.medireport.net\/fr\/politique-de-confidentialite\/\"]}]},{\"@type\":\"BreadcrumbList\",\"@id\":\"https:\/\/www.medireport.net\/fr\/politique-de-confidentialite\/#breadcrumb\",\"itemListElement\":[{\"@type\":\"ListItem\",\"position\":1,\"name\":\"Home\",\"item\":\"https:\/\/www.medireport.net\/fr\/\"},{\"@type\":\"ListItem\",\"position\":2,\"name\":\"Politique de confidentialit\u00e9\"}]},{\"@type\":\"WebSite\",\"@id\":\"https:\/\/www.medireport.net\/fr\/#website\",\"url\":\"https:\/\/www.medireport.net\/fr\/\",\"name\":\"MediReport\",\"description\":\"\",\"publisher\":{\"@id\":\"https:\/\/www.medireport.net\/fr\/#organization\"},\"potentialAction\":[{\"@type\":\"SearchAction\",\"target\":{\"@type\":\"EntryPoint\",\"urlTemplate\":\"https:\/\/www.medireport.net\/fr\/?s={search_term_string}\"},\"query-input\":\"required name=search_term_string\"}],\"inLanguage\":\"fr-FR\"},{\"@type\":\"Organization\",\"@id\":\"https:\/\/www.medireport.net\/fr\/#organization\",\"name\":\"MediReport\",\"url\":\"https:\/\/www.medireport.net\/fr\/\",\"logo\":{\"@type\":\"ImageObject\",\"inLanguage\":\"fr-FR\",\"@id\":\"https:\/\/www.medireport.net\/fr\/#\/schema\/logo\/image\/\",\"url\":\"https:\/\/www.medireport.net\/wp-content\/uploads\/2024\/03\/MediReport_logo_PNG.png\",\"contentUrl\":\"https:\/\/www.medireport.net\/wp-content\/uploads\/2024\/03\/MediReport_logo_PNG.png\",\"width\":755,\"height\":253,\"caption\":\"MediReport\"},\"image\":{\"@id\":\"https:\/\/www.medireport.net\/fr\/#\/schema\/logo\/image\/\"},\"sameAs\":[\"https:\/\/fr.linkedin.com\/company\/medireport\",\"https:\/\/www.youtube.com\/watch?v=OjrzpMuFw2A\"]}]}<\/script>\n<!-- \/ Yoast SEO plugin. -->","yoast_head_json":{"title":"Politique de confidentialit\u00e9","robots":{"index":"index","follow":"follow","max-snippet":"max-snippet:-1","max-image-preview":"max-image-preview:large","max-video-preview":"max-video-preview:-1"},"canonical":"https:\/\/www.medireport.net\/fr\/politique-de-confidentialite\/","og_locale":"fr_FR","og_type":"article","og_title":"Politique de confidentialit\u00e9","og_url":"https:\/\/www.medireport.net\/fr\/politique-de-confidentialite\/","og_site_name":"MediReport","article_modified_time":"2024-03-15T10:01:37+00:00","og_image":[{"url":"https:\/\/www.medireport.net\/wp-content\/uploads\/2023\/07\/medireport-innovate.webp"}],"twitter_card":"summary_large_image","twitter_misc":{"Dur\u00e9e de lecture estim\u00e9e":"9 minutes"},"schema":{"@context":"https:\/\/schema.org","@graph":[{"@type":"WebPage","@id":"https:\/\/www.medireport.net\/fr\/politique-de-confidentialite\/","url":"https:\/\/www.medireport.net\/fr\/politique-de-confidentialite\/","name":"Politique de confidentialit\u00e9","isPartOf":{"@id":"https:\/\/www.medireport.net\/fr\/#website"},"datePublished":"2023-08-22T17:40:50+00:00","dateModified":"2024-03-15T10:01:37+00:00","breadcrumb":{"@id":"https:\/\/www.medireport.net\/fr\/politique-de-confidentialite\/#breadcrumb"},"inLanguage":"fr-FR","potentialAction":[{"@type":"ReadAction","target":["https:\/\/www.medireport.net\/fr\/politique-de-confidentialite\/"]}]},{"@type":"BreadcrumbList","@id":"https:\/\/www.medireport.net\/fr\/politique-de-confidentialite\/#breadcrumb","itemListElement":[{"@type":"ListItem","position":1,"name":"Home","item":"https:\/\/www.medireport.net\/fr\/"},{"@type":"ListItem","position":2,"name":"Politique de confidentialit\u00e9"}]},{"@type":"WebSite","@id":"https:\/\/www.medireport.net\/fr\/#website","url":"https:\/\/www.medireport.net\/fr\/","name":"MediReport","description":"","publisher":{"@id":"https:\/\/www.medireport.net\/fr\/#organization"},"potentialAction":[{"@type":"SearchAction","target":{"@type":"EntryPoint","urlTemplate":"https:\/\/www.medireport.net\/fr\/?s={search_term_string}"},"query-input":"required name=search_term_string"}],"inLanguage":"fr-FR"},{"@type":"Organization","@id":"https:\/\/www.medireport.net\/fr\/#organization","name":"MediReport","url":"https:\/\/www.medireport.net\/fr\/","logo":{"@type":"ImageObject","inLanguage":"fr-FR","@id":"https:\/\/www.medireport.net\/fr\/#\/schema\/logo\/image\/","url":"https:\/\/www.medireport.net\/wp-content\/uploads\/2024\/03\/MediReport_logo_PNG.png","contentUrl":"https:\/\/www.medireport.net\/wp-content\/uploads\/2024\/03\/MediReport_logo_PNG.png","width":755,"height":253,"caption":"MediReport"},"image":{"@id":"https:\/\/www.medireport.net\/fr\/#\/schema\/logo\/image\/"},"sameAs":["https:\/\/fr.linkedin.com\/company\/medireport","https:\/\/www.youtube.com\/watch?v=OjrzpMuFw2A"]}]}},"_links":{"self":[{"href":"https:\/\/www.medireport.net\/fr\/wp-json\/wp\/v2\/pages\/1582","targetHints":{"allow":["GET"]}}],"collection":[{"href":"https:\/\/www.medireport.net\/fr\/wp-json\/wp\/v2\/pages"}],"about":[{"href":"https:\/\/www.medireport.net\/fr\/wp-json\/wp\/v2\/types\/page"}],"author":[{"embeddable":true,"href":"https:\/\/www.medireport.net\/fr\/wp-json\/wp\/v2\/users\/2"}],"replies":[{"embeddable":true,"href":"https:\/\/www.medireport.net\/fr\/wp-json\/wp\/v2\/comments?post=1582"}],"version-history":[{"count":16,"href":"https:\/\/www.medireport.net\/fr\/wp-json\/wp\/v2\/pages\/1582\/revisions"}],"predecessor-version":[{"id":2357,"href":"https:\/\/www.medireport.net\/fr\/wp-json\/wp\/v2\/pages\/1582\/revisions\/2357"}],"wp:attachment":[{"href":"https:\/\/www.medireport.net\/fr\/wp-json\/wp\/v2\/media?parent=1582"}],"curies":[{"name":"wp","href":"https:\/\/api.w.org\/{rel}","templated":true}]}}